{"id":27,"date":"2016-10-12T02:40:22","date_gmt":"2016-10-12T00:40:22","guid":{"rendered":"http:\/\/kikev.de\/rms\/?page_id=27"},"modified":"2025-11-06T00:09:19","modified_gmt":"2025-11-05T23:09:19","slug":"kontakt-rms","status":"publish","type":"page","link":"https:\/\/kikev.de\/rms\/froebel-kinderhaus-rosa-menzer-strasse\/kontakt-rms\/","title":{"rendered":"Kontakt"},"content":{"rendered":"<p class=\"Standard\"><span class=\"tm6\" style=\"font-family: arial, helvetica, sans-serif; font-size: 14pt; color: #000000;\"><strong>FR\u00d6BEL-Kinderhaus<\/strong><br \/>\n<\/span><\/p>\n<p class=\"Standard\"><span class=\"tm6\" style=\"font-family: arial, helvetica, sans-serif; font-size: 14pt; color: #000000;\">Rosa- Menzer- Stra\u00dfe 5<\/span><\/p>\n<p class=\"Standard\"><span class=\"tm6\" style=\"font-family: arial, helvetica, sans-serif; font-size: 14pt; color: #000000;\">01309 Dresden<\/span><\/p>\n<p class=\"Standard\"><span class=\"tm6\" style=\"font-family: arial, helvetica, sans-serif; font-size: 14pt; color: #000000;\">Tel : 03 51 &#8211; 3 10 03 42<\/span><\/p>\n<p class=\"Standard\"><span class=\"tm6\" style=\"font-family: arial, helvetica, sans-serif; font-size: 14pt; color: #000000;\">Fax: 03 51 &#8211; 3 16 11 26<\/span><\/p>\n<p class=\"Standard\"><span style=\"font-family: arial, helvetica, sans-serif; font-size: 14pt; color: #000000;\">Tr\u00e4ger: KiK e.V. (Kinder in Kindertageseinrichtungen)<\/span><\/p>\n<p class=\"Standard\"><span style=\"font-family: arial, helvetica, sans-serif; font-size: 14pt; color: #000000;\"><span class=\"tm6\">Hausleitung: Lisa Grabow (<\/span>E-Mail: &#108;&#x65;i&#116;&#x72;m&#115;&#x40;k&#105;&#x6b;e&#118;&#x2e;&#100;&#x65;)<\/span><\/p>\n<p>&nbsp;<\/p>\n","protected":false},"excerpt":{"rendered":"<p>FR\u00d6BEL-Kinderhaus Rosa- Menzer- Stra\u00dfe 5 01309 Dresden Tel : 03 51 &#8211; 3 10 03 42 Fax: 03 51 &#8211; 3 16 11 26 Tr\u00e4ger: KiK e.V. (Kinder in Kindertageseinrichtungen) Hausleitung: Lisa Grabow (E-Mail: l&#101;&#x69;&#x74;r&#109;&#x73;&#x40;k&#105;&#x6b;&#x65;v&#46;&#x64;&#x65;) &nbsp;<\/p>\n","protected":false},"author":1,"featured_media":0,"parent":5,"menu_order":0,"comment_status":"closed","ping_status":"closed","template":"","meta":{"_et_pb_use_builder":"off","_et_pb_old_content":"","_et_gb_content_width":"","footnotes":""},"class_list":["post-27","page","type-page","status-publish","hentry"],"_links":{"self":[{"href":"https:\/\/kikev.de\/rms\/wp-json\/wp\/v2\/pages\/27","targetHints":{"allow":["GET"]}}],"collection":[{"href":"https:\/\/kikev.de\/rms\/wp-json\/wp\/v2\/pages"}],"about":[{"href":"https:\/\/kikev.de\/rms\/wp-json\/wp\/v2\/types\/page"}],"author":[{"embeddable":true,"href":"https:\/\/kikev.de\/rms\/wp-json\/wp\/v2\/users\/1"}],"replies":[{"embeddable":true,"href":"https:\/\/kikev.de\/rms\/wp-json\/wp\/v2\/comments?post=27"}],"version-history":[{"count":0,"href":"https:\/\/kikev.de\/rms\/wp-json\/wp\/v2\/pages\/27\/revisions"}],"up":[{"embeddable":true,"href":"https:\/\/kikev.de\/rms\/wp-json\/wp\/v2\/pages\/5"}],"wp:attachment":[{"href":"https:\/\/kikev.de\/rms\/wp-json\/wp\/v2\/media?parent=27"}],"curies":[{"name":"wp","href":"https:\/\/api.w.org\/{rel}","templated":true}]}}