{"id":9,"date":"2016-09-30T14:55:02","date_gmt":"2016-09-30T12:55:02","guid":{"rendered":"http:\/\/kikev.de\/goerlitz\/?page_id=9"},"modified":"2025-07-02T12:25:17","modified_gmt":"2025-07-02T10:25:17","slug":"kontakt-goe","status":"publish","type":"page","link":"https:\/\/kikev.de\/goerlitz\/froebel-kinderhaus-nikolaivorstadt-goerlitz\/kontakt-goe\/","title":{"rendered":"Kontakt"},"content":{"rendered":"<p class=\"Standard\"><strong><span style=\"font-family: arial, helvetica, sans-serif; font-size: 14pt; color: #000000;\">FR\u00d6BEL-Kinderhaus &#8222;Nikolaivorstadt&#8220;<\/span><\/strong><\/p>\n<p class=\"Standard\"><span class=\"tm6\" style=\"font-family: arial, helvetica, sans-serif; font-size: 14pt; color: #000000;\">Gro\u00dfe Wallstra\u00dfe\u00a016<\/span><\/p>\n<p class=\"Standard\"><span class=\"tm6\" style=\"font-family: arial, helvetica, sans-serif; font-size: 14pt; color: #000000;\">02826 G\u00f6rlitz<\/span><\/p>\n<p class=\"Standard\"><span class=\"tm6\" style=\"font-family: arial, helvetica, sans-serif; font-size: 14pt; color: #000000;\">Tel: 0 35 81 &#8211; 40 75 28<\/span><\/p>\n<p class=\"Standard\"><span class=\"tm6\" style=\"font-family: arial, helvetica, sans-serif; font-size: 14pt; color: #000000;\">Fax: 0 35 81 &#8211; 42 14 69<\/span><\/p>\n<p class=\"Standard\"><span style=\"font-family: arial, helvetica, sans-serif; font-size: 14pt; color: #000000;\">Tr\u00e4ger: KiK e.V.<\/span><\/p>\n<p class=\"Standard\"><span class=\"tm6\" style=\"font-family: arial, helvetica, sans-serif; font-size: 14pt; color: #000000;\">Leiterin: Pascale Koppelt (E-Mail: <strong><span style=\"color: #000080;\">&#x6c;&#x65;&#105;t&#x67;&#x6f;&#101;&#64;k&#x69;&#x6b;&#101;&#118;&#46;&#x64;&#x65;<\/span><\/strong>)<\/span><\/p>\n<p>&nbsp;<\/p>\n<p>&nbsp;<\/p>\n<p><span style=\"font-family: arial, helvetica, sans-serif; font-size: 14pt; color: #000000;\">Kita-Sozialarbeit-Projekt &#8222;Kinder st\u00e4rken 2.0&#8220;<\/span><\/p>\n<p><span style=\"font-family: arial, helvetica, sans-serif; font-size: 14pt; color: #000000;\">Kathrin M\u00fcller (E-Mail: <strong><span style=\"color: #000080;\">&#x6b;&#105;t&#x61;&#45;s&#x6f;&#122;i&#x61;&#x6c;&#97;&#x72;&#x62;&#101;i&#x74;&#46;g&#x6f;&#101;&#64;&#x6b;&#x69;&#107;&#x65;&#x76;&#46;d&#x65;)<\/span><\/strong><\/span><\/p>\n<p>&nbsp;<\/p>\n<p>&nbsp;<\/p>\n<p>&nbsp;<\/p>\n","protected":false},"excerpt":{"rendered":"<p>FR\u00d6BEL-Kinderhaus &#8222;Nikolaivorstadt&#8220; Gro\u00dfe Wallstra\u00dfe\u00a016 02826 G\u00f6rlitz Tel: 0 35 81 &#8211; 40 75 28 Fax: 0 35 81 &#8211; 42 14 69 Tr\u00e4ger: KiK e.V. Leiterin: Pascale Koppelt (E-Mail: &#108;&#x65;&#105;&#x74;&#103;&#x6f;&#101;&#x40;&#107;&#x69;&#107;&#x65;&#118;&#x2e;&#100;&#x65;) &nbsp; &nbsp; Kita-Sozialarbeit-Projekt &#8222;Kinder st\u00e4rken 2.0&#8220; Kathrin M\u00fcller (E-Mail: &#107;i&#x74;a&#x2d;&#115;&#x6f;&#122;&#x69;&#97;l&#x61;r&#x62;&#101;&#x69;&#116;&#x2e;&#103;&#x6f;&#101;&#64;&#x6b;i&#x6b;&#101;&#x76;&#46;&#x64;&#101;) &nbsp; &nbsp; &nbsp;<\/p>\n","protected":false},"author":1,"featured_media":0,"parent":7,"menu_order":0,"comment_status":"closed","ping_status":"closed","template":"","meta":{"_et_pb_use_builder":"off","_et_pb_old_content":"","_et_gb_content_width":"","footnotes":""},"class_list":["post-9","page","type-page","status-publish","hentry"],"_links":{"self":[{"href":"https:\/\/kikev.de\/goerlitz\/wp-json\/wp\/v2\/pages\/9","targetHints":{"allow":["GET"]}}],"collection":[{"href":"https:\/\/kikev.de\/goerlitz\/wp-json\/wp\/v2\/pages"}],"about":[{"href":"https:\/\/kikev.de\/goerlitz\/wp-json\/wp\/v2\/types\/page"}],"author":[{"embeddable":true,"href":"https:\/\/kikev.de\/goerlitz\/wp-json\/wp\/v2\/users\/1"}],"replies":[{"embeddable":true,"href":"https:\/\/kikev.de\/goerlitz\/wp-json\/wp\/v2\/comments?post=9"}],"version-history":[{"count":0,"href":"https:\/\/kikev.de\/goerlitz\/wp-json\/wp\/v2\/pages\/9\/revisions"}],"up":[{"embeddable":true,"href":"https:\/\/kikev.de\/goerlitz\/wp-json\/wp\/v2\/pages\/7"}],"wp:attachment":[{"href":"https:\/\/kikev.de\/goerlitz\/wp-json\/wp\/v2\/media?parent=9"}],"curies":[{"name":"wp","href":"https:\/\/api.w.org\/{rel}","templated":true}]}}