{"id":15,"date":"2016-09-30T14:57:38","date_gmt":"2016-09-30T12:57:38","guid":{"rendered":"http:\/\/kikev.de\/goerlitz\/?page_id=15"},"modified":"2025-07-02T12:17:03","modified_gmt":"2025-07-02T10:17:03","slug":"anmeldung-goe","status":"publish","type":"page","link":"https:\/\/kikev.de\/goerlitz\/froebel-kinderhaus-nikolaivorstadt-goerlitz\/anmeldung-goe\/","title":{"rendered":"Anmeldung"},"content":{"rendered":"<p><strong><span style=\"font-family: arial, helvetica, sans-serif; font-size: 14pt; color: #000000;\">Liebe Eltern,<\/span><\/strong><\/p>\n<p><span style=\"font-family: arial, helvetica, sans-serif; font-size: 14pt; color: #000000;\">bevor Sie sich per &#8222;Little Bird&#8220; in unserem FR\u00d6BEL-Kinderhaus &#8222;Nikolaivorstadt&#8220; anmelden, bitten wir um ein pers\u00f6nliches Gespr\u00e4ch. Wir freuen uns auf Sie und zeigen Ihnen gern unser Haus.<\/span><\/p>\n","protected":false},"excerpt":{"rendered":"<p>Liebe Eltern, bevor Sie sich per &#8222;Little Bird&#8220; in unserem FR\u00d6BEL-Kinderhaus &#8222;Nikolaivorstadt&#8220; anmelden, bitten wir um ein pers\u00f6nliches Gespr\u00e4ch. Wir freuen uns auf Sie und zeigen Ihnen gern unser Haus.<\/p>\n","protected":false},"author":1,"featured_media":0,"parent":7,"menu_order":0,"comment_status":"closed","ping_status":"closed","template":"","meta":{"_et_pb_use_builder":"off","_et_pb_old_content":"","_et_gb_content_width":"","footnotes":""},"class_list":["post-15","page","type-page","status-publish","hentry"],"_links":{"self":[{"href":"https:\/\/kikev.de\/goerlitz\/wp-json\/wp\/v2\/pages\/15","targetHints":{"allow":["GET"]}}],"collection":[{"href":"https:\/\/kikev.de\/goerlitz\/wp-json\/wp\/v2\/pages"}],"about":[{"href":"https:\/\/kikev.de\/goerlitz\/wp-json\/wp\/v2\/types\/page"}],"author":[{"embeddable":true,"href":"https:\/\/kikev.de\/goerlitz\/wp-json\/wp\/v2\/users\/1"}],"replies":[{"embeddable":true,"href":"https:\/\/kikev.de\/goerlitz\/wp-json\/wp\/v2\/comments?post=15"}],"version-history":[{"count":0,"href":"https:\/\/kikev.de\/goerlitz\/wp-json\/wp\/v2\/pages\/15\/revisions"}],"up":[{"embeddable":true,"href":"https:\/\/kikev.de\/goerlitz\/wp-json\/wp\/v2\/pages\/7"}],"wp:attachment":[{"href":"https:\/\/kikev.de\/goerlitz\/wp-json\/wp\/v2\/media?parent=15"}],"curies":[{"name":"wp","href":"https:\/\/api.w.org\/{rel}","templated":true}]}}