{"id":13,"date":"2016-09-30T14:56:45","date_gmt":"2016-09-30T12:56:45","guid":{"rendered":"http:\/\/kikev.de\/goerlitz\/?page_id=13"},"modified":"2021-02-23T21:48:26","modified_gmt":"2021-02-23T20:48:26","slug":"termine-goe","status":"publish","type":"page","link":"https:\/\/kikev.de\/goerlitz\/froebel-kinderhaus-nikolaivorstadt-goerlitz\/termine-goe\/","title":{"rendered":"Termine"},"content":{"rendered":"<p>[et_pb_section fb_built=&#8220;1&#8243; _builder_version=&#8220;3.22&#8243;][et_pb_row _builder_version=&#8220;3.25&#8243; background_size=&#8220;initial&#8220; background_position=&#8220;top_left&#8220; background_repeat=&#8220;repeat&#8220;][et_pb_column type=&#8220;4_4&#8243; _builder_version=&#8220;3.25&#8243; custom_padding=&#8220;|||&#8220; custom_padding__hover=&#8220;|||&#8220;][et_pb_text admin_label=&#8220;\u00dcberschrift \u00dc2 Kalender&#8220; _builder_version=&#8220;4.6.6&#8243; _module_preset=&#8220;default&#8220; header_2_font=&#8220;Arial|700|||||||&#8220; header_2_text_align=&#8220;center&#8220; header_2_font_size=&#8220;30px&#8220; header_2_line_height=&#8220;1.2em&#8220; custom_padding=&#8220;15px||||false|false&#8220;]<\/p>\n<h2>Termine<\/h2>\n<p>&nbsp;<\/p>\n<p><strong>Bitte beachten Sie:<\/strong><span>\u00a0<\/span><\/p>\n<p>Termine f\u00fcr das <span style=\"color: #7cda24;\"><strong>FR\u00d6BEL-Kinderhaus Nikolaivorstadt in G\u00f6rlitz<\/strong><\/span> haben die Farbe <span style=\"color: #7cda24;\"><strong>GR\u00dcN<\/strong><\/span><\/p>\n<p>Termine f\u00fcr das FR\u00d6BEL-Kinderhaus Rosa-Menzer-Stra\u00dfe Dresden haben die Farbe LILA<\/p>\n<p>Termine f\u00fcr den FR\u00d6BEL-Kindergarten D\u00f6rnichtweg haben die Farbe BLAU<\/p>\n<p>Termine f\u00fcr den FR\u00d6BEL-Kindergarten Darwinstra\u00dfe haben die Farbe ROT<span>\u00a0<\/span><\/p>\n<p>Termine f\u00fcr den Verein haben die Farbe GELB<span><\/span><\/p>\n<p>&nbsp;<\/p>\n<p>[\/et_pb_text][et_pb_text admin_label=&#8220;Shortcode Kalender-Plugin&#8220; _builder_version=&#8220;4.6.6&#8243; background_size=&#8220;initial&#8220; background_position=&#8220;top_left&#8220; background_repeat=&#8220;repeat&#8220;]<iframe loading=\"lazy\" height=\"650px\" width=\"100%\" src=\"https:\/\/kalender.digital\/d4828475b1ea018d6fa1?wp_iframe=true\" style=\"border:0\"><\/iframe><br \/>\n[\/et_pb_text][\/et_pb_column][\/et_pb_row][\/et_pb_section]<\/p>\n","protected":false},"excerpt":{"rendered":"<p>[et_pb_section fb_built=&#8220;1&#8243; _builder_version=&#8220;3.22&#8243;][et_pb_row _builder_version=&#8220;3.25&#8243; background_size=&#8220;initial&#8220; background_position=&#8220;top_left&#8220; background_repeat=&#8220;repeat&#8220;][et_pb_column type=&#8220;4_4&#8243; _builder_version=&#8220;3.25&#8243; custom_padding=&#8220;|||&#8220; custom_padding__hover=&#8220;|||&#8220;][et_pb_text admin_label=&#8220;\u00dcberschrift \u00dc2 Kalender&#8220; _builder_version=&#8220;4.6.6&#8243; _module_preset=&#8220;default&#8220; header_2_font=&#8220;Arial|700|||||||&#8220; header_2_text_align=&#8220;center&#8220; header_2_font_size=&#8220;30px&#8220; header_2_line_height=&#8220;1.2em&#8220; custom_padding=&#8220;15px||||false|false&#8220;] Termine &nbsp; Bitte beachten Sie:\u00a0 Termine f\u00fcr das FR\u00d6BEL-Kinderhaus Nikolaivorstadt in G\u00f6rlitz haben die Farbe GR\u00dcN Termine f\u00fcr das FR\u00d6BEL-Kinderhaus Rosa-Menzer-Stra\u00dfe Dresden haben die Farbe LILA Termine f\u00fcr den FR\u00d6BEL-Kindergarten D\u00f6rnichtweg haben die Farbe [&hellip;]<\/p>\n","protected":false},"author":1,"featured_media":0,"parent":7,"menu_order":0,"comment_status":"closed","ping_status":"closed","template":"","meta":{"_et_pb_use_builder":"on","_et_pb_old_content":"<p>[kalender_digital height=650px width=100% link=https:\/\/kalender.digital\/d4828475b1ea018d6fa1]<\/p>","_et_gb_content_width":"","footnotes":""},"class_list":["post-13","page","type-page","status-publish","hentry"],"_links":{"self":[{"href":"https:\/\/kikev.de\/goerlitz\/wp-json\/wp\/v2\/pages\/13","targetHints":{"allow":["GET"]}}],"collection":[{"href":"https:\/\/kikev.de\/goerlitz\/wp-json\/wp\/v2\/pages"}],"about":[{"href":"https:\/\/kikev.de\/goerlitz\/wp-json\/wp\/v2\/types\/page"}],"author":[{"embeddable":true,"href":"https:\/\/kikev.de\/goerlitz\/wp-json\/wp\/v2\/users\/1"}],"replies":[{"embeddable":true,"href":"https:\/\/kikev.de\/goerlitz\/wp-json\/wp\/v2\/comments?post=13"}],"version-history":[{"count":0,"href":"https:\/\/kikev.de\/goerlitz\/wp-json\/wp\/v2\/pages\/13\/revisions"}],"up":[{"embeddable":true,"href":"https:\/\/kikev.de\/goerlitz\/wp-json\/wp\/v2\/pages\/7"}],"wp:attachment":[{"href":"https:\/\/kikev.de\/goerlitz\/wp-json\/wp\/v2\/media?parent=13"}],"curies":[{"name":"wp","href":"https:\/\/api.w.org\/{rel}","templated":true}]}}